{"id":38,"date":"2023-11-10T14:40:13","date_gmt":"2023-11-10T13:40:13","guid":{"rendered":"https:\/\/emmanuelconti.com\/?page_id=38"},"modified":"2023-11-20T17:53:22","modified_gmt":"2023-11-20T16:53:22","slug":"videos","status":"publish","type":"page","link":"https:\/\/emmanuelconti.com\/en\/videos\/","title":{"rendered":"Videos"},"content":{"rendered":"<div class=\"wp-block-group has-global-padding is-layout-constrained wp-block-group-is-layout-constrained\">\n<div class=\"wp-block-columns is-layout-flex wp-container-core-columns-layout-1 wp-block-columns-is-layout-flex\">\n<div class=\"wp-block-column is-layout-flow wp-block-column-is-layout-flow\">\n<p>All musics for these film extracts composed, orchestrated and arranged on score, played by virtual instruments.<\/p>\n\n\n\n<div style=\"height:40px\" aria-hidden=\"true\" class=\"wp-block-spacer\"><\/div>\n\n\n\n<div class=\"wp-block-query is-layout-flow wp-block-query-is-layout-flow\"><ul class=\"columns-3 wp-block-post-template is-layout-grid wp-container-core-post-template-layout-1 wp-block-post-template-is-layout-grid\"><li class=\"wp-block-post post-136 video type-video status-publish has-post-thumbnail hentry category-page-accueil\">\n<figure class=\"wp-block-post-featured-image\"><a href=\"https:\/\/emmanuelconti.com\/en\/video\/jurassic-world-dominion-scene-douverture\/\" target=\"_self\"  ><img loading=\"lazy\" decoding=\"async\" width=\"1500\" height=\"909\" src=\"https:\/\/emmanuelconti.com\/wp-content\/uploads\/2023\/11\/Jurassic-world-dominion.jpg\" class=\"attachment-post-thumbnail size-post-thumbnail wp-post-image\" alt=\"Jurassic World Dominion\u00a0: sc\u00e8ne d&rsquo;ouverture\" style=\"object-fit:cover;\" srcset=\"https:\/\/emmanuelconti.com\/wp-content\/uploads\/2023\/11\/Jurassic-world-dominion.jpg 1500w, https:\/\/emmanuelconti.com\/wp-content\/uploads\/2023\/11\/Jurassic-world-dominion-300x182.jpg 300w, https:\/\/emmanuelconti.com\/wp-content\/uploads\/2023\/11\/Jurassic-world-dominion-1024x621.jpg 1024w, https:\/\/emmanuelconti.com\/wp-content\/uploads\/2023\/11\/Jurassic-world-dominion-768x465.jpg 768w\" sizes=\"(max-width: 1500px) 100vw, 1500px\" \/><\/a><\/figure>\n\n<h3 class=\"has-link-color has-text-color has-base-color wp-block-post-title has-medium-font-size wp-elements-5b02365ddcc09959a57a6674ad7193a5\"><a href=\"https:\/\/emmanuelconti.com\/en\/video\/jurassic-world-dominion-scene-douverture\/\" target=\"_self\" >Jurassic World Dominion: Opening scene<\/a><\/h3>\n\n<div class=\"wp-block-post-excerpt has-small-font-size\"><p class=\"wp-block-post-excerpt__excerpt\">Style: Classical, synphonic <\/p><\/div>\n<\/li><li class=\"wp-block-post post-133 video type-video status-publish has-post-thumbnail hentry category-page-accueil\">\n<figure class=\"wp-block-post-featured-image\"><a href=\"https:\/\/emmanuelconti.com\/en\/video\/les-indestructibles-lifes-incredible-again\/\" target=\"_self\"  ><img loading=\"lazy\" decoding=\"async\" width=\"1500\" height=\"909\" src=\"https:\/\/emmanuelconti.com\/wp-content\/uploads\/2023\/11\/life-incredible-again.jpg\" class=\"attachment-post-thumbnail size-post-thumbnail wp-post-image\" alt=\"Les indestructibles : Life&rsquo;s incredible again\" style=\"object-fit:cover;\" srcset=\"https:\/\/emmanuelconti.com\/wp-content\/uploads\/2023\/11\/life-incredible-again.jpg 1500w, https:\/\/emmanuelconti.com\/wp-content\/uploads\/2023\/11\/life-incredible-again-300x182.jpg 300w, https:\/\/emmanuelconti.com\/wp-content\/uploads\/2023\/11\/life-incredible-again-1024x621.jpg 1024w, https:\/\/emmanuelconti.com\/wp-content\/uploads\/2023\/11\/life-incredible-again-768x465.jpg 768w\" sizes=\"(max-width: 1500px) 100vw, 1500px\" \/><\/a><\/figure>\n\n<h3 class=\"has-link-color has-text-color has-base-color wp-block-post-title has-medium-font-size wp-elements-5b02365ddcc09959a57a6674ad7193a5\"><a href=\"https:\/\/emmanuelconti.com\/en\/video\/les-indestructibles-lifes-incredible-again\/\" target=\"_self\" >The Incredibles: Life\u2019s incredible again<\/a><\/h3>\n\n<div class=\"wp-block-post-excerpt has-small-font-size\"><p class=\"wp-block-post-excerpt__excerpt\">Style: Jazz big band \/ Mood: happy <\/p><\/div>\n<\/li><li class=\"wp-block-post post-127 video type-video status-publish has-post-thumbnail hentry category-page-accueil\">\n<figure class=\"wp-block-post-featured-image\"><a href=\"https:\/\/emmanuelconti.com\/en\/video\/monstres-et-cie-scare-floor\/\" target=\"_self\"  ><img loading=\"lazy\" decoding=\"async\" width=\"1500\" height=\"909\" src=\"https:\/\/emmanuelconti.com\/wp-content\/uploads\/2023\/11\/monster-inc.jpg\" class=\"attachment-post-thumbnail size-post-thumbnail wp-post-image\" alt=\"Monstres et Cie : Scare Floor\" style=\"object-fit:cover;\" srcset=\"https:\/\/emmanuelconti.com\/wp-content\/uploads\/2023\/11\/monster-inc.jpg 1500w, https:\/\/emmanuelconti.com\/wp-content\/uploads\/2023\/11\/monster-inc-300x182.jpg 300w, https:\/\/emmanuelconti.com\/wp-content\/uploads\/2023\/11\/monster-inc-1024x621.jpg 1024w, https:\/\/emmanuelconti.com\/wp-content\/uploads\/2023\/11\/monster-inc-768x465.jpg 768w\" sizes=\"(max-width: 1500px) 100vw, 1500px\" \/><\/a><\/figure>\n\n<h3 class=\"has-link-color has-text-color has-base-color wp-block-post-title has-medium-font-size wp-elements-5b02365ddcc09959a57a6674ad7193a5\"><a href=\"https:\/\/emmanuelconti.com\/en\/video\/monstres-et-cie-scare-floor\/\" target=\"_self\" >Monsters Inc: Scare Floor<\/a><\/h3>\n\n<div class=\"wp-block-post-excerpt has-small-font-size\"><p class=\"wp-block-post-excerpt__excerpt\">Style: Symphonic \/ Mood: solemn walk <\/p><\/div>\n<\/li><li class=\"wp-block-post post-129 video type-video status-publish has-post-thumbnail hentry category-page-accueil\">\n<figure class=\"wp-block-post-featured-image\"><a href=\"https:\/\/emmanuelconti.com\/en\/video\/jurassic-park-decouverte-du-parc\/\" target=\"_self\"  ><img loading=\"lazy\" decoding=\"async\" width=\"1500\" height=\"909\" src=\"https:\/\/emmanuelconti.com\/wp-content\/uploads\/2023\/11\/jurassic-park.jpg\" class=\"attachment-post-thumbnail size-post-thumbnail wp-post-image\" alt=\"Jurassic Park : D\u00e9couverte du Parc\" style=\"object-fit:cover;\" srcset=\"https:\/\/emmanuelconti.com\/wp-content\/uploads\/2023\/11\/jurassic-park.jpg 1500w, https:\/\/emmanuelconti.com\/wp-content\/uploads\/2023\/11\/jurassic-park-300x182.jpg 300w, https:\/\/emmanuelconti.com\/wp-content\/uploads\/2023\/11\/jurassic-park-1024x621.jpg 1024w, https:\/\/emmanuelconti.com\/wp-content\/uploads\/2023\/11\/jurassic-park-768x465.jpg 768w\" sizes=\"(max-width: 1500px) 100vw, 1500px\" \/><\/a><\/figure>\n\n<h3 class=\"has-link-color has-text-color has-base-color wp-block-post-title has-medium-font-size wp-elements-5b02365ddcc09959a57a6674ad7193a5\"><a href=\"https:\/\/emmanuelconti.com\/en\/video\/jurassic-park-decouverte-du-parc\/\" target=\"_self\" >Jurassic Park: welcome to Jurassic Park<\/a><\/h3>\n\n<div class=\"wp-block-post-excerpt has-small-font-size\"><p class=\"wp-block-post-excerpt__excerpt\">Style : Symphonic \/ Moods : mysterious and fairytale <\/p><\/div>\n<\/li><li class=\"wp-block-post post-124 video type-video status-publish has-post-thumbnail hentry\">\n<figure class=\"wp-block-post-featured-image\"><a href=\"https:\/\/emmanuelconti.com\/en\/video\/bernard-bianca-in-flight\/\" target=\"_self\"  ><img loading=\"lazy\" decoding=\"async\" width=\"1500\" height=\"909\" src=\"https:\/\/emmanuelconti.com\/wp-content\/uploads\/2023\/11\/bernard-bianca.jpg\" class=\"attachment-post-thumbnail size-post-thumbnail wp-post-image\" alt=\"Bernard &#038; Bianca &#8211; in flight\" style=\"object-fit:cover;\" srcset=\"https:\/\/emmanuelconti.com\/wp-content\/uploads\/2023\/11\/bernard-bianca.jpg 1500w, https:\/\/emmanuelconti.com\/wp-content\/uploads\/2023\/11\/bernard-bianca-300x182.jpg 300w, https:\/\/emmanuelconti.com\/wp-content\/uploads\/2023\/11\/bernard-bianca-1024x621.jpg 1024w, https:\/\/emmanuelconti.com\/wp-content\/uploads\/2023\/11\/bernard-bianca-768x465.jpg 768w\" sizes=\"(max-width: 1500px) 100vw, 1500px\" \/><\/a><\/figure>\n\n<h3 class=\"has-link-color has-text-color has-base-color wp-block-post-title has-medium-font-size wp-elements-5b02365ddcc09959a57a6674ad7193a5\"><a href=\"https:\/\/emmanuelconti.com\/en\/video\/bernard-bianca-in-flight\/\" target=\"_self\" >Bernard &#038; Bianca &#8211; in flight<\/a><\/h3>\n\n<div class=\"wp-block-post-excerpt has-small-font-size\"><p class=\"wp-block-post-excerpt__excerpt\"> <\/p><\/div>\n<\/li><\/ul><\/div>\n<\/div>\n<\/div>\n<\/div>\n\n\n\n<div style=\"height:40px\" aria-hidden=\"true\" class=\"wp-block-spacer\"><\/div>\n\n\n\n<div class=\"wp-block-columns is-layout-flex wp-container-core-columns-layout-2 wp-block-columns-is-layout-flex\">\n<div class=\"wp-block-column is-layout-flow wp-block-column-is-layout-flow\">\n<div class=\"wp-block-buttons is-content-justification-center is-layout-flex wp-container-core-buttons-layout-1 wp-block-buttons-is-layout-flex\">\n<div class=\"wp-block-button has-custom-width wp-block-button__width-25 is-style-outline\"><a class=\"wp-block-button__link wp-element-button\" href=\"https:\/\/www.youtube.com\/@emmanuelconticomposer\" target=\"_blank\" rel=\"noreferrer noopener\">More videos on Toutube<\/a><\/div>\n<\/div>\n<\/div>\n<\/div>","protected":false},"excerpt":{"rendered":"<p>All musics for these film extracts composed, orchestrated and arranged on score, played by virtual instruments.<\/p>","protected":false},"author":1,"featured_media":0,"parent":0,"menu_order":0,"comment_status":"closed","ping_status":"closed","template":"","meta":{"_acf_changed":false,"footnotes":""},"acf":[],"yoast_head":"<!-- This site is optimized with the Yoast SEO plugin v23.0 - https:\/\/yoast.com\/wordpress\/plugins\/seo\/ -->\n<title>Vid\u00e9os - Emmanuel Conti<\/title>\n<meta name=\"robots\" content=\"index, follow, max-snippet:-1, max-image-preview:large, max-video-preview:-1\" \/>\n<link rel=\"canonical\" href=\"https:\/\/emmanuelconti.com\/en\/videos\/\" \/>\n<meta property=\"og:locale\" content=\"en_GB\" \/>\n<meta property=\"og:type\" content=\"article\" \/>\n<meta property=\"og:title\" content=\"Vid\u00e9os - Emmanuel Conti\" \/>\n<meta property=\"og:description\" content=\"Toutes les musiques de ces extraits de films ont \u00e9t\u00e9 compos\u00e9es, arrang\u00e9es et orchestr\u00e9es sur partition puis jou\u00e9es par des instruments virtuels.\" \/>\n<meta property=\"og:url\" content=\"https:\/\/emmanuelconti.com\/en\/videos\/\" \/>\n<meta property=\"og:site_name\" content=\"Emmanuel Conti\" \/>\n<meta property=\"article:modified_time\" content=\"2023-11-20T16:53:22+00:00\" \/>\n<meta name=\"twitter:card\" content=\"summary_large_image\" \/>\n<meta name=\"twitter:label1\" content=\"Estimated reading time\" \/>\n\t<meta name=\"twitter:data1\" content=\"1 minute\" \/>\n<script type=\"application\/ld+json\" class=\"yoast-schema-graph\">{\"@context\":\"https:\/\/schema.org\",\"@graph\":[{\"@type\":\"WebPage\",\"@id\":\"https:\/\/emmanuelconti.com\/videos\/\",\"url\":\"https:\/\/emmanuelconti.com\/videos\/\",\"name\":\"Vid\u00e9os - Emmanuel Conti\",\"isPartOf\":{\"@id\":\"https:\/\/emmanuelconti.com\/#website\"},\"datePublished\":\"2023-11-10T13:40:13+00:00\",\"dateModified\":\"2023-11-20T16:53:22+00:00\",\"breadcrumb\":{\"@id\":\"https:\/\/emmanuelconti.com\/videos\/#breadcrumb\"},\"inLanguage\":\"en-GB\",\"potentialAction\":[{\"@type\":\"ReadAction\",\"target\":[\"https:\/\/emmanuelconti.com\/videos\/\"]}]},{\"@type\":\"BreadcrumbList\",\"@id\":\"https:\/\/emmanuelconti.com\/videos\/#breadcrumb\",\"itemListElement\":[{\"@type\":\"ListItem\",\"position\":1,\"name\":\"Accueil\",\"item\":\"https:\/\/emmanuelconti.com\/\"},{\"@type\":\"ListItem\",\"position\":2,\"name\":\"Vid\u00e9os\"}]},{\"@type\":\"WebSite\",\"@id\":\"https:\/\/emmanuelconti.com\/#website\",\"url\":\"https:\/\/emmanuelconti.com\/\",\"name\":\"Emmanuel Conti\",\"description\":\"\",\"publisher\":{\"@id\":\"https:\/\/emmanuelconti.com\/#organization\"},\"potentialAction\":[{\"@type\":\"SearchAction\",\"target\":{\"@type\":\"EntryPoint\",\"urlTemplate\":\"https:\/\/emmanuelconti.com\/?s={search_term_string}\"},\"query-input\":\"required name=search_term_string\"}],\"inLanguage\":\"en-GB\"},{\"@type\":\"Organization\",\"@id\":\"https:\/\/emmanuelconti.com\/#organization\",\"name\":\"Emmanuel Conti\",\"url\":\"https:\/\/emmanuelconti.com\/\",\"logo\":{\"@type\":\"ImageObject\",\"inLanguage\":\"en-GB\",\"@id\":\"https:\/\/emmanuelconti.com\/#\/schema\/logo\/image\/\",\"url\":\"https:\/\/emmanuelconti.com\/wp-content\/uploads\/2023\/11\/logo-emmanuel-conti-1.png\",\"contentUrl\":\"https:\/\/emmanuelconti.com\/wp-content\/uploads\/2023\/11\/logo-emmanuel-conti-1.png\",\"width\":200,\"height\":120,\"caption\":\"Emmanuel Conti\"},\"image\":{\"@id\":\"https:\/\/emmanuelconti.com\/#\/schema\/logo\/image\/\"}}]}<\/script>\n<!-- \/ Yoast SEO plugin. -->","yoast_head_json":{"title":"Vid\u00e9os - Emmanuel Conti","robots":{"index":"index","follow":"follow","max-snippet":"max-snippet:-1","max-image-preview":"max-image-preview:large","max-video-preview":"max-video-preview:-1"},"canonical":"https:\/\/emmanuelconti.com\/en\/videos\/","og_locale":"en_GB","og_type":"article","og_title":"Vid\u00e9os - Emmanuel Conti","og_description":"Toutes les musiques de ces extraits de films ont \u00e9t\u00e9 compos\u00e9es, arrang\u00e9es et orchestr\u00e9es sur partition puis jou\u00e9es par des instruments virtuels.","og_url":"https:\/\/emmanuelconti.com\/en\/videos\/","og_site_name":"Emmanuel Conti","article_modified_time":"2023-11-20T16:53:22+00:00","twitter_card":"summary_large_image","twitter_misc":{"Estimated reading time":"1 minute"},"schema":{"@context":"https:\/\/schema.org","@graph":[{"@type":"WebPage","@id":"https:\/\/emmanuelconti.com\/videos\/","url":"https:\/\/emmanuelconti.com\/videos\/","name":"Vid\u00e9os - Emmanuel Conti","isPartOf":{"@id":"https:\/\/emmanuelconti.com\/#website"},"datePublished":"2023-11-10T13:40:13+00:00","dateModified":"2023-11-20T16:53:22+00:00","breadcrumb":{"@id":"https:\/\/emmanuelconti.com\/videos\/#breadcrumb"},"inLanguage":"en-GB","potentialAction":[{"@type":"ReadAction","target":["https:\/\/emmanuelconti.com\/videos\/"]}]},{"@type":"BreadcrumbList","@id":"https:\/\/emmanuelconti.com\/videos\/#breadcrumb","itemListElement":[{"@type":"ListItem","position":1,"name":"Accueil","item":"https:\/\/emmanuelconti.com\/"},{"@type":"ListItem","position":2,"name":"Vid\u00e9os"}]},{"@type":"WebSite","@id":"https:\/\/emmanuelconti.com\/#website","url":"https:\/\/emmanuelconti.com\/","name":"Emmanuel Conti","description":"","publisher":{"@id":"https:\/\/emmanuelconti.com\/#organization"},"potentialAction":[{"@type":"SearchAction","target":{"@type":"EntryPoint","urlTemplate":"https:\/\/emmanuelconti.com\/?s={search_term_string}"},"query-input":"required name=search_term_string"}],"inLanguage":"en-GB"},{"@type":"Organization","@id":"https:\/\/emmanuelconti.com\/#organization","name":"Emmanuel Conti","url":"https:\/\/emmanuelconti.com\/","logo":{"@type":"ImageObject","inLanguage":"en-GB","@id":"https:\/\/emmanuelconti.com\/#\/schema\/logo\/image\/","url":"https:\/\/emmanuelconti.com\/wp-content\/uploads\/2023\/11\/logo-emmanuel-conti-1.png","contentUrl":"https:\/\/emmanuelconti.com\/wp-content\/uploads\/2023\/11\/logo-emmanuel-conti-1.png","width":200,"height":120,"caption":"Emmanuel Conti"},"image":{"@id":"https:\/\/emmanuelconti.com\/#\/schema\/logo\/image\/"}}]}},"_links":{"self":[{"href":"https:\/\/emmanuelconti.com\/en\/wp-json\/wp\/v2\/pages\/38"}],"collection":[{"href":"https:\/\/emmanuelconti.com\/en\/wp-json\/wp\/v2\/pages"}],"about":[{"href":"https:\/\/emmanuelconti.com\/en\/wp-json\/wp\/v2\/types\/page"}],"author":[{"embeddable":true,"href":"https:\/\/emmanuelconti.com\/en\/wp-json\/wp\/v2\/users\/1"}],"replies":[{"embeddable":true,"href":"https:\/\/emmanuelconti.com\/en\/wp-json\/wp\/v2\/comments?post=38"}],"version-history":[{"count":15,"href":"https:\/\/emmanuelconti.com\/en\/wp-json\/wp\/v2\/pages\/38\/revisions"}],"predecessor-version":[{"id":349,"href":"https:\/\/emmanuelconti.com\/en\/wp-json\/wp\/v2\/pages\/38\/revisions\/349"}],"wp:attachment":[{"href":"https:\/\/emmanuelconti.com\/en\/wp-json\/wp\/v2\/media?parent=38"}],"curies":[{"name":"wp","href":"https:\/\/api.w.org\/{rel}","templated":true}]}}