{"id":36,"date":"2023-11-10T14:40:01","date_gmt":"2023-11-10T13:40:01","guid":{"rendered":"https:\/\/emmanuelconti.com\/?page_id=36"},"modified":"2023-12-07T17:07:52","modified_gmt":"2023-12-07T16:07:52","slug":"bio","status":"publish","type":"page","link":"https:\/\/emmanuelconti.com\/en\/bio\/","title":{"rendered":"Bio"},"content":{"rendered":"<div class=\"wp-block-columns is-layout-flex wp-container-core-columns-layout-1 wp-block-columns-is-layout-flex\" style=\"margin-top:0;margin-bottom:0;padding-right:0;padding-left:0\">\n<div class=\"wp-block-column is-layout-flow wp-block-column-is-layout-flow\" style=\"flex-basis:30%\">\n<figure class=\"wp-block-image size-full is-resized has-custom-border\"><img loading=\"lazy\" decoding=\"async\" width=\"749\" height=\"1122\" src=\"https:\/\/emmanuelconti.com\/wp-content\/uploads\/2023\/11\/emmanuel-conti-bio.jpg\" alt=\"\" class=\"wp-image-192\" style=\"border-style:none;border-width:0px;aspect-ratio:3\/4;object-fit:contain;width:637px;height:auto\" srcset=\"https:\/\/emmanuelconti.com\/wp-content\/uploads\/2023\/11\/emmanuel-conti-bio.jpg 749w, https:\/\/emmanuelconti.com\/wp-content\/uploads\/2023\/11\/emmanuel-conti-bio-200x300.jpg 200w, https:\/\/emmanuelconti.com\/wp-content\/uploads\/2023\/11\/emmanuel-conti-bio-684x1024.jpg 684w\" sizes=\"(max-width: 749px) 100vw, 749px\" \/><\/figure>\n<\/div>\n\n\n\n<div class=\"wp-block-column is-layout-flow wp-container-core-column-layout-2 wp-block-column-is-layout-flow\" style=\"flex-basis:70%\">\n<p class=\" translation-block\">With my initial training as an engineer, I have always developed my musical knowledge and practice in parallel for over 20 years as a jazz pianist, trained in several Parisian jazz schools (<strong>EDIM, BEPA and ARPEJ<\/strong>) and by several private tutors, including <strong>Dexter Goldberg<\/strong>, a recognized player on the Paris jazz scene.<\/p>\n\n\n\n<p class=\" translation-block\">Attracted by music writing as an extension of my experience on Jazz improvisation, I decided to become a professional musician and obtained a diploma in film music composition in 2021 in <strong>B\u00e9atrice Thiriet<\/strong>'s class, followed by a certificate in orchestration in 2023 in <strong>Anthony Girard<\/strong>'s class, both classes within  Ecole Normale de Musique de Paris (\"<strong>Alfred Cortot<\/strong>\"), a world-renowned classical music school. From 2020 to 2023, I also took jazz arranging classes with <strong>Denis Bioteau<\/strong>, a former teacher at the <strong>CIM jazz school<\/strong> in Paris.<\/p>\n\n\n\n<p>Musically, with a broad language that ranges from classical to jazz, I strive to express the emotions of the image as finely as possible, varying the arrangement to awaken the ear's interest but taking care to remain accessible, keeping a melodic or harmonic thread. My influences : from Ravel and Stravinsky to Pink Floyd's progressive rock, Oscar Peterson's jazz and Weather Report's fusion.<\/p>\n\n\n\n<div style=\"height:40px\" aria-hidden=\"true\" class=\"wp-block-spacer\"><\/div>\n\n\n\n<div class=\"wp-block-buttons is-nowrap is-layout-flex wp-container-core-buttons-layout-1 wp-block-buttons-is-layout-flex\" style=\"margin-top:0;margin-bottom:0\">\n<div class=\"wp-block-button is-style-outline\"><a class=\"wp-block-button__link wp-element-button\" href=\"https:\/\/emmanuelconti.com\/en\/musique\/\">Music<\/a><\/div>\n\n\n\n<div class=\"wp-block-button is-style-outline\"><a class=\"wp-block-button__link wp-element-button\" href=\"https:\/\/emmanuelconti.com\/en\/videos\/\">Videos<\/a><\/div>\n<\/div>\n<\/div>\n<\/div>\n\n\n\n<div class=\"wp-block-columns is-layout-flex wp-container-core-columns-layout-2 wp-block-columns-is-layout-flex\">\n<div class=\"wp-block-column is-layout-flow wp-block-column-is-layout-flow\">\n<div style=\"height:50px\" aria-hidden=\"true\" class=\"wp-block-spacer\"><\/div>\n\n\n\n<figure class=\"wp-block-gallery has-nested-images columns-default is-cropped wp-block-gallery-1 is-layout-flex wp-block-gallery-is-layout-flex\">\n<figure class=\"wp-block-image size-large\"><img loading=\"lazy\" decoding=\"async\" width=\"1024\" height=\"768\" src=\"https:\/\/emmanuelconti.com\/wp-content\/uploads\/2023\/12\/Au-piano-4-1-1024x768.jpg\" alt=\"\" class=\"wp-image-438\" srcset=\"https:\/\/emmanuelconti.com\/wp-content\/uploads\/2023\/12\/Au-piano-4-1-1024x768.jpg 1024w, https:\/\/emmanuelconti.com\/wp-content\/uploads\/2023\/12\/Au-piano-4-1-300x225.jpg 300w, https:\/\/emmanuelconti.com\/wp-content\/uploads\/2023\/12\/Au-piano-4-1-768x576.jpg 768w, https:\/\/emmanuelconti.com\/wp-content\/uploads\/2023\/12\/Au-piano-4-1-1536x1152.jpg 1536w, https:\/\/emmanuelconti.com\/wp-content\/uploads\/2023\/12\/Au-piano-4-1-2048x1536.jpg 2048w, https:\/\/emmanuelconti.com\/wp-content\/uploads\/2023\/12\/Au-piano-4-1-16x12.jpg 16w\" sizes=\"(max-width: 1024px) 100vw, 1024px\" \/><\/figure>\n\n\n\n<figure class=\"wp-block-image size-large\"><img loading=\"lazy\" decoding=\"async\" width=\"1024\" height=\"768\" src=\"https:\/\/emmanuelconti.com\/wp-content\/uploads\/2023\/12\/Home-studio-1-1024x768.jpg\" alt=\"\" class=\"wp-image-442\" srcset=\"https:\/\/emmanuelconti.com\/wp-content\/uploads\/2023\/12\/Home-studio-1-1024x768.jpg 1024w, https:\/\/emmanuelconti.com\/wp-content\/uploads\/2023\/12\/Home-studio-1-300x225.jpg 300w, https:\/\/emmanuelconti.com\/wp-content\/uploads\/2023\/12\/Home-studio-1-768x576.jpg 768w, https:\/\/emmanuelconti.com\/wp-content\/uploads\/2023\/12\/Home-studio-1-1536x1152.jpg 1536w, https:\/\/emmanuelconti.com\/wp-content\/uploads\/2023\/12\/Home-studio-1-2048x1536.jpg 2048w, https:\/\/emmanuelconti.com\/wp-content\/uploads\/2023\/12\/Home-studio-1-16x12.jpg 16w\" sizes=\"(max-width: 1024px) 100vw, 1024px\" \/><\/figure>\n<\/figure>\n<\/div>\n<\/div>","protected":false},"excerpt":{"rendered":"<p>Avec une formation initiale d\u2019ing\u00e9nieur, j\u2019ai toujours d\u00e9velopp\u00e9 en parall\u00e8le mes connaissances et ma pratique musicales pendant plus de 20 ans comme pianiste de Jazz, form\u00e9 dans plusieurs \u00e9coles de Jazz parisiennes (EDIM, BEPA et ARPEJ) et par plusieurs professeurs particuliers dont Dexter Goldberg, acteur reconnu de la sc\u00e8ne jazz parisienne. Attir\u00e9 par l\u2019\u00e9criture, prolongement [&hellip;]<\/p>","protected":false},"author":1,"featured_media":0,"parent":0,"menu_order":0,"comment_status":"closed","ping_status":"closed","template":"","meta":{"_acf_changed":false,"footnotes":""},"acf":[],"yoast_head":"<!-- This site is optimized with the Yoast SEO plugin v23.0 - https:\/\/yoast.com\/wordpress\/plugins\/seo\/ -->\n<title>Bio - Emmanuel Conti<\/title>\n<meta name=\"description\" content=\"Dans la composition, comme dans la couleur finale, je recherche la clart\u00e9 des lignes m\u00e9lodiques et de l\u2019harmonie, toujours dans le but de servir au mieux l\u2019\u00e9motion de l\u2019image.\" \/>\n<meta name=\"robots\" content=\"index, follow, max-snippet:-1, max-image-preview:large, max-video-preview:-1\" \/>\n<link rel=\"canonical\" href=\"https:\/\/emmanuelconti.com\/en\/bio\/\" \/>\n<meta property=\"og:locale\" content=\"en_GB\" \/>\n<meta property=\"og:type\" content=\"article\" \/>\n<meta property=\"og:title\" content=\"Bio - Emmanuel Conti\" \/>\n<meta property=\"og:description\" content=\"Dans la composition, comme dans la couleur finale, je recherche la clart\u00e9 des lignes m\u00e9lodiques et de l\u2019harmonie, toujours dans le but de servir au mieux l\u2019\u00e9motion de l\u2019image.\" \/>\n<meta property=\"og:url\" content=\"https:\/\/emmanuelconti.com\/en\/bio\/\" \/>\n<meta property=\"og:site_name\" content=\"Emmanuel Conti\" \/>\n<meta property=\"article:modified_time\" content=\"2023-12-07T16:07:52+00:00\" \/>\n<meta property=\"og:image\" content=\"https:\/\/emmanuelconti.com\/wp-content\/uploads\/2023\/11\/emmanuel-conti-bio.jpg\" \/>\n<meta name=\"twitter:card\" content=\"summary_large_image\" \/>\n<meta name=\"twitter:label1\" content=\"Estimated reading time\" \/>\n\t<meta name=\"twitter:data1\" content=\"2 minutes\" \/>\n<script type=\"application\/ld+json\" class=\"yoast-schema-graph\">{\"@context\":\"https:\/\/schema.org\",\"@graph\":[{\"@type\":\"WebPage\",\"@id\":\"https:\/\/emmanuelconti.com\/bio\/\",\"url\":\"https:\/\/emmanuelconti.com\/bio\/\",\"name\":\"Bio - Emmanuel Conti\",\"isPartOf\":{\"@id\":\"https:\/\/emmanuelconti.com\/#website\"},\"primaryImageOfPage\":{\"@id\":\"https:\/\/emmanuelconti.com\/bio\/#primaryimage\"},\"image\":{\"@id\":\"https:\/\/emmanuelconti.com\/bio\/#primaryimage\"},\"thumbnailUrl\":\"https:\/\/emmanuelconti.com\/wp-content\/uploads\/2023\/11\/emmanuel-conti-bio.jpg\",\"datePublished\":\"2023-11-10T13:40:01+00:00\",\"dateModified\":\"2023-12-07T16:07:52+00:00\",\"description\":\"Dans la composition, comme dans la couleur finale, je recherche la clart\u00e9 des lignes m\u00e9lodiques et de l\u2019harmonie, toujours dans le but de servir au mieux l\u2019\u00e9motion de l\u2019image.\",\"breadcrumb\":{\"@id\":\"https:\/\/emmanuelconti.com\/bio\/#breadcrumb\"},\"inLanguage\":\"en-GB\",\"potentialAction\":[{\"@type\":\"ReadAction\",\"target\":[\"https:\/\/emmanuelconti.com\/bio\/\"]}]},{\"@type\":\"ImageObject\",\"inLanguage\":\"en-GB\",\"@id\":\"https:\/\/emmanuelconti.com\/bio\/#primaryimage\",\"url\":\"https:\/\/emmanuelconti.com\/wp-content\/uploads\/2023\/11\/emmanuel-conti-bio.jpg\",\"contentUrl\":\"https:\/\/emmanuelconti.com\/wp-content\/uploads\/2023\/11\/emmanuel-conti-bio.jpg\"},{\"@type\":\"BreadcrumbList\",\"@id\":\"https:\/\/emmanuelconti.com\/bio\/#breadcrumb\",\"itemListElement\":[{\"@type\":\"ListItem\",\"position\":1,\"name\":\"Accueil\",\"item\":\"https:\/\/emmanuelconti.com\/\"},{\"@type\":\"ListItem\",\"position\":2,\"name\":\"Bio\"}]},{\"@type\":\"WebSite\",\"@id\":\"https:\/\/emmanuelconti.com\/#website\",\"url\":\"https:\/\/emmanuelconti.com\/\",\"name\":\"Emmanuel Conti\",\"description\":\"\",\"publisher\":{\"@id\":\"https:\/\/emmanuelconti.com\/#organization\"},\"potentialAction\":[{\"@type\":\"SearchAction\",\"target\":{\"@type\":\"EntryPoint\",\"urlTemplate\":\"https:\/\/emmanuelconti.com\/?s={search_term_string}\"},\"query-input\":\"required name=search_term_string\"}],\"inLanguage\":\"en-GB\"},{\"@type\":\"Organization\",\"@id\":\"https:\/\/emmanuelconti.com\/#organization\",\"name\":\"Emmanuel Conti\",\"url\":\"https:\/\/emmanuelconti.com\/\",\"logo\":{\"@type\":\"ImageObject\",\"inLanguage\":\"en-GB\",\"@id\":\"https:\/\/emmanuelconti.com\/#\/schema\/logo\/image\/\",\"url\":\"https:\/\/emmanuelconti.com\/wp-content\/uploads\/2023\/11\/logo-emmanuel-conti-1.png\",\"contentUrl\":\"https:\/\/emmanuelconti.com\/wp-content\/uploads\/2023\/11\/logo-emmanuel-conti-1.png\",\"width\":200,\"height\":120,\"caption\":\"Emmanuel Conti\"},\"image\":{\"@id\":\"https:\/\/emmanuelconti.com\/#\/schema\/logo\/image\/\"}}]}<\/script>\n<!-- \/ Yoast SEO plugin. -->","yoast_head_json":{"title":"Bio - Emmanuel Conti","description":"Dans la composition, comme dans la couleur finale, je recherche la clart\u00e9 des lignes m\u00e9lodiques et de l\u2019harmonie, toujours dans le but de servir au mieux l\u2019\u00e9motion de l\u2019image.","robots":{"index":"index","follow":"follow","max-snippet":"max-snippet:-1","max-image-preview":"max-image-preview:large","max-video-preview":"max-video-preview:-1"},"canonical":"https:\/\/emmanuelconti.com\/en\/bio\/","og_locale":"en_GB","og_type":"article","og_title":"Bio - Emmanuel Conti","og_description":"Dans la composition, comme dans la couleur finale, je recherche la clart\u00e9 des lignes m\u00e9lodiques et de l\u2019harmonie, toujours dans le but de servir au mieux l\u2019\u00e9motion de l\u2019image.","og_url":"https:\/\/emmanuelconti.com\/en\/bio\/","og_site_name":"Emmanuel Conti","article_modified_time":"2023-12-07T16:07:52+00:00","og_image":[{"url":"https:\/\/emmanuelconti.com\/wp-content\/uploads\/2023\/11\/emmanuel-conti-bio.jpg"}],"twitter_card":"summary_large_image","twitter_misc":{"Estimated reading time":"2 minutes"},"schema":{"@context":"https:\/\/schema.org","@graph":[{"@type":"WebPage","@id":"https:\/\/emmanuelconti.com\/bio\/","url":"https:\/\/emmanuelconti.com\/bio\/","name":"Bio - Emmanuel Conti","isPartOf":{"@id":"https:\/\/emmanuelconti.com\/#website"},"primaryImageOfPage":{"@id":"https:\/\/emmanuelconti.com\/bio\/#primaryimage"},"image":{"@id":"https:\/\/emmanuelconti.com\/bio\/#primaryimage"},"thumbnailUrl":"https:\/\/emmanuelconti.com\/wp-content\/uploads\/2023\/11\/emmanuel-conti-bio.jpg","datePublished":"2023-11-10T13:40:01+00:00","dateModified":"2023-12-07T16:07:52+00:00","description":"Dans la composition, comme dans la couleur finale, je recherche la clart\u00e9 des lignes m\u00e9lodiques et de l\u2019harmonie, toujours dans le but de servir au mieux l\u2019\u00e9motion de l\u2019image.","breadcrumb":{"@id":"https:\/\/emmanuelconti.com\/bio\/#breadcrumb"},"inLanguage":"en-GB","potentialAction":[{"@type":"ReadAction","target":["https:\/\/emmanuelconti.com\/bio\/"]}]},{"@type":"ImageObject","inLanguage":"en-GB","@id":"https:\/\/emmanuelconti.com\/bio\/#primaryimage","url":"https:\/\/emmanuelconti.com\/wp-content\/uploads\/2023\/11\/emmanuel-conti-bio.jpg","contentUrl":"https:\/\/emmanuelconti.com\/wp-content\/uploads\/2023\/11\/emmanuel-conti-bio.jpg"},{"@type":"BreadcrumbList","@id":"https:\/\/emmanuelconti.com\/bio\/#breadcrumb","itemListElement":[{"@type":"ListItem","position":1,"name":"Accueil","item":"https:\/\/emmanuelconti.com\/"},{"@type":"ListItem","position":2,"name":"Bio"}]},{"@type":"WebSite","@id":"https:\/\/emmanuelconti.com\/#website","url":"https:\/\/emmanuelconti.com\/","name":"Emmanuel Conti","description":"","publisher":{"@id":"https:\/\/emmanuelconti.com\/#organization"},"potentialAction":[{"@type":"SearchAction","target":{"@type":"EntryPoint","urlTemplate":"https:\/\/emmanuelconti.com\/?s={search_term_string}"},"query-input":"required name=search_term_string"}],"inLanguage":"en-GB"},{"@type":"Organization","@id":"https:\/\/emmanuelconti.com\/#organization","name":"Emmanuel Conti","url":"https:\/\/emmanuelconti.com\/","logo":{"@type":"ImageObject","inLanguage":"en-GB","@id":"https:\/\/emmanuelconti.com\/#\/schema\/logo\/image\/","url":"https:\/\/emmanuelconti.com\/wp-content\/uploads\/2023\/11\/logo-emmanuel-conti-1.png","contentUrl":"https:\/\/emmanuelconti.com\/wp-content\/uploads\/2023\/11\/logo-emmanuel-conti-1.png","width":200,"height":120,"caption":"Emmanuel Conti"},"image":{"@id":"https:\/\/emmanuelconti.com\/#\/schema\/logo\/image\/"}}]}},"_links":{"self":[{"href":"https:\/\/emmanuelconti.com\/en\/wp-json\/wp\/v2\/pages\/36"}],"collection":[{"href":"https:\/\/emmanuelconti.com\/en\/wp-json\/wp\/v2\/pages"}],"about":[{"href":"https:\/\/emmanuelconti.com\/en\/wp-json\/wp\/v2\/types\/page"}],"author":[{"embeddable":true,"href":"https:\/\/emmanuelconti.com\/en\/wp-json\/wp\/v2\/users\/1"}],"replies":[{"embeddable":true,"href":"https:\/\/emmanuelconti.com\/en\/wp-json\/wp\/v2\/comments?post=36"}],"version-history":[{"count":28,"href":"https:\/\/emmanuelconti.com\/en\/wp-json\/wp\/v2\/pages\/36\/revisions"}],"predecessor-version":[{"id":444,"href":"https:\/\/emmanuelconti.com\/en\/wp-json\/wp\/v2\/pages\/36\/revisions\/444"}],"wp:attachment":[{"href":"https:\/\/emmanuelconti.com\/en\/wp-json\/wp\/v2\/media?parent=36"}],"curies":[{"name":"wp","href":"https:\/\/api.w.org\/{rel}","templated":true}]}}