{"id":208,"date":"2023-11-12T15:17:13","date_gmt":"2023-11-12T14:17:13","guid":{"rendered":"https:\/\/emmanuelconti.com\/?page_id=208"},"modified":"2023-12-11T18:07:39","modified_gmt":"2023-12-11T17:07:39","slug":"mentions-legales","status":"publish","type":"page","link":"https:\/\/emmanuelconti.com\/en\/mentions-legales\/","title":{"rendered":"Legal mentions"},"content":{"rendered":"<p class=\"has-small-font-size\">In accordance with the provisions of articles 6-III and 19 of Law No. 2004-575 of June 21, 2004 for Confidence in the digital economy, known as L.C.E.N., we bring to the attention of users and visitors of the emmanuelconti.com site, the following information:<\/p>\n\n\n\n<p class=\"has-small-font-size\"><br><strong>Legal information<\/strong><\/p>\n\n\n\n<p class=\"has-small-font-size\">The publication manager is: Emmanuel Conti<br>Contact the publication manager: contact@emmanuelconti.com<\/p>\n\n\n\n<p class=\"has-base-color has-text-color has-link-color has-small-font-size wp-elements-f70e4e924f947db8bb8e8e5e0a37ad9a\"><br>The website was created by <a href=\"https:\/\/www.kdbz.fr\" data-type=\"link\" data-id=\"https:\/\/www.kdbz.fr\" target=\"_blank\" rel=\"noreferrer noopener\">KDBZ<\/a><br>Contactez le Webmaster : contact@kdbz.fr<\/p>\n\n\n\n<p class=\"has-small-font-size\">The site host is: <br>Hostinger International Ltd, a private limited liability company of Cyprus, whose address is 61 Lordou Vironos str. 6023 Larnaca, Cyprus<\/p>\n\n\n\n<p class=\"has-small-font-size\"><br><strong>Description of services provided<\/strong><\/p>\n\n\n\n<p class=\"has-small-font-size\">The aim of the site emmanuelconti.com is to provide information concerning the work of Emmanuel Conti as a musician.<br>The owner of the site strives to provide as accurate information as possible on the emmanuelconti.com site. However, it cannot be held responsible for omissions, inaccuracies and deficiencies in the update, whether due to itself or to third party partners who provide this information.<br>All information offered on the emmanuelconti.com site is given for information purposes only, is not exhaustive, and is subject to change. They are given subject to modifications having been made since they were put online.<\/p>\n\n\n\n<p class=\"has-small-font-size\"><br><strong>Intellectual property and counterfeits<\/strong><\/p>\n\n\n\n<p class=\"has-small-font-size\">The owner of the site is the owner of the intellectual property rights or holds the usage rights on all elements accessible on the site, in particular music, texts, images, etc.<br><br>Any reproduction, representation, modification, publication, total or partial adaptation of the elements of the site, whatever the means or process used, is prohibited without prior written authorization by email: contact@emmanuelconti.com<br><br>Any unauthorized use of the site or any of the elements it contains will be considered as constituting an infringement and prosecuted in accordance with the provisions of articles L.335-2 et seq. of the Intellectual Property Code.<\/p>\n\n\n\n<p class=\"has-small-font-size\"><br><\/p>\n\n\n\n<p class=\"has-small-font-size\"><strong>Hyperlinks<\/strong><br>The emmanuelconti.com site contains a certain number of hypertext links to other sites (partners, information, etc.) set up with the authorization of the site owner. However, the owner of the site does not have the possibility of verifying the content of the sites visited and therefore declines all responsibility for the possible risks of illicit content.<br><\/p>\n\n\n\n<p class=\"has-small-font-size\"><br><strong>Cookies<\/strong><\/p>\n\n\n\n<p class=\"has-small-font-size\">The user is informed that during his visits to the emmanuelconti.com site, cookies may be automatically installed on his computer. A cookie is a small file, which does not allow the identification of the user, but which records information relating to the navigation of a computer on a site. The data thus obtained aims to facilitate subsequent navigation on the site, and is also intended to enable various traffic measurements.<\/p>\n\n\n\n<p class=\"has-small-font-size\">The help menu of most browsers will show you in detail how to prevent your browser from accepting new cookies, how to have the browser send you a notification when you receive a new cookie, or how to disable them.<\/p>\n\n\n\n<p class=\"has-small-font-size\"><br><strong>Protection of property and people \u2013 management of personal data<\/strong><\/p>\n\n\n\n<p class=\"has-small-font-size\">User: Internet user connecting, using the aforementioned site: emmanuelconti.com<br>In France, personal data is notably protected by law n\u00b0 78-87 of January 6, 1978, law n\u00b0 2004-801 of August 6, 2004, article L. 226-13 of the Penal Code and the European Directive of October 24, 1995.<\/p>\n\n\n\n<p class=\"has-small-font-size\"><br>On the emmanuelconti.com site, the site owner only collects personal information relating to the user for the purposes of certain services offered by the emmanuelconti.com site. The user provides this information in full knowledge of the facts, particularly when he enters it himself. The user of the emmanuelconti.com site is then informed whether or not they are obliged to provide this information.<br><br>In accordance with the provisions of articles 38 and following of law 78-17 of January 6, 1978 relating to data processing, files and freedoms, any user has a right of access, rectification, deletion and opposition to personal data concerning him. To exercise this right, send your request to emmanuelconti.com by email: email of the webmaster or by making a written and signed request, accompanied by a copy of the identity document with signature of the holder of the document, specifying the address to which the response should be sent.<br><\/p>\n\n\n\n<p class=\"has-small-font-size\">No personal information of the user of the emmanuelconti.com site is published without the user's knowledge, exchanged, transferred, assigned or sold on any medium to third parties. Only the hypothesis of the repurchase of the emmanuelconti.com site from the owner of the site and its rights would allow the transmission of said information to the possible purchaser who would in turn be bound by the same obligation of conservation and modification of the data with respect to vis the user of the site emmanuelconti.com.<br><br>No CNIL declaration because no collection of personal data.<\/p>\n\n\n\n<p class=\"has-small-font-size\">The databases are protected by the provisions of the law of July 1, 1998 transposing directive 96\/9 of March 11, 1996 relating to the legal protection of databases.<\/p>","protected":false},"excerpt":{"rendered":"<p>Conform\u00e9ment aux dispositions des articles 6-III et 19 de la Loi n\u00b0 2004-575 du 21 juin 2004 pour la Confiance dans l&rsquo;\u00e9conomie num\u00e9rique, dite L.C.E.N., nous portons \u00e0 la connaissance des utilisateurs et visiteurs du site emmanuelconti.com, les informations suivantes : Informations l\u00e9gales Le Responsable de la publication est : Emmanuel ContiContactez le responsable de [&hellip;]<\/p>","protected":false},"author":2,"featured_media":0,"parent":0,"menu_order":0,"comment_status":"closed","ping_status":"closed","template":"","meta":{"_acf_changed":false,"footnotes":""},"acf":[],"yoast_head":"<!-- This site is optimized with the Yoast SEO plugin v23.0 - https:\/\/yoast.com\/wordpress\/plugins\/seo\/ -->\n<title>Mentions l\u00e9gales - Emmanuel Conti<\/title>\n<meta name=\"robots\" content=\"index, follow, max-snippet:-1, max-image-preview:large, max-video-preview:-1\" \/>\n<link rel=\"canonical\" href=\"https:\/\/emmanuelconti.com\/en\/mentions-legales\/\" \/>\n<meta property=\"og:locale\" content=\"en_GB\" \/>\n<meta property=\"og:type\" content=\"article\" \/>\n<meta property=\"og:title\" content=\"Mentions l\u00e9gales - Emmanuel Conti\" \/>\n<meta property=\"og:description\" content=\"Conform\u00e9ment aux dispositions des articles 6-III et 19 de la Loi n\u00b0 2004-575 du 21 juin 2004 pour la Confiance dans l&rsquo;\u00e9conomie num\u00e9rique, dite L.C.E.N., nous portons \u00e0 la connaissance des utilisateurs et visiteurs du site emmanuelconti.com, les informations suivantes : Informations l\u00e9gales Le Responsable de la publication est : Emmanuel ContiContactez le responsable de [&hellip;]\" \/>\n<meta property=\"og:url\" content=\"https:\/\/emmanuelconti.com\/en\/mentions-legales\/\" \/>\n<meta property=\"og:site_name\" content=\"Emmanuel Conti\" \/>\n<meta property=\"article:modified_time\" content=\"2023-12-11T17:07:39+00:00\" \/>\n<meta name=\"twitter:card\" content=\"summary_large_image\" \/>\n<meta name=\"twitter:label1\" content=\"Estimated reading time\" \/>\n\t<meta name=\"twitter:data1\" content=\"5 minutes\" \/>\n<script type=\"application\/ld+json\" class=\"yoast-schema-graph\">{\"@context\":\"https:\/\/schema.org\",\"@graph\":[{\"@type\":\"WebPage\",\"@id\":\"https:\/\/emmanuelconti.com\/mentions-legales\/\",\"url\":\"https:\/\/emmanuelconti.com\/mentions-legales\/\",\"name\":\"Mentions l\u00e9gales - Emmanuel Conti\",\"isPartOf\":{\"@id\":\"https:\/\/emmanuelconti.com\/#website\"},\"datePublished\":\"2023-11-12T14:17:13+00:00\",\"dateModified\":\"2023-12-11T17:07:39+00:00\",\"breadcrumb\":{\"@id\":\"https:\/\/emmanuelconti.com\/mentions-legales\/#breadcrumb\"},\"inLanguage\":\"en-GB\",\"potentialAction\":[{\"@type\":\"ReadAction\",\"target\":[\"https:\/\/emmanuelconti.com\/mentions-legales\/\"]}]},{\"@type\":\"BreadcrumbList\",\"@id\":\"https:\/\/emmanuelconti.com\/mentions-legales\/#breadcrumb\",\"itemListElement\":[{\"@type\":\"ListItem\",\"position\":1,\"name\":\"Accueil\",\"item\":\"https:\/\/emmanuelconti.com\/\"},{\"@type\":\"ListItem\",\"position\":2,\"name\":\"Mentions l\u00e9gales\"}]},{\"@type\":\"WebSite\",\"@id\":\"https:\/\/emmanuelconti.com\/#website\",\"url\":\"https:\/\/emmanuelconti.com\/\",\"name\":\"Emmanuel Conti\",\"description\":\"\",\"publisher\":{\"@id\":\"https:\/\/emmanuelconti.com\/#organization\"},\"potentialAction\":[{\"@type\":\"SearchAction\",\"target\":{\"@type\":\"EntryPoint\",\"urlTemplate\":\"https:\/\/emmanuelconti.com\/?s={search_term_string}\"},\"query-input\":\"required name=search_term_string\"}],\"inLanguage\":\"en-GB\"},{\"@type\":\"Organization\",\"@id\":\"https:\/\/emmanuelconti.com\/#organization\",\"name\":\"Emmanuel Conti\",\"url\":\"https:\/\/emmanuelconti.com\/\",\"logo\":{\"@type\":\"ImageObject\",\"inLanguage\":\"en-GB\",\"@id\":\"https:\/\/emmanuelconti.com\/#\/schema\/logo\/image\/\",\"url\":\"https:\/\/emmanuelconti.com\/wp-content\/uploads\/2023\/11\/logo-emmanuel-conti-1.png\",\"contentUrl\":\"https:\/\/emmanuelconti.com\/wp-content\/uploads\/2023\/11\/logo-emmanuel-conti-1.png\",\"width\":200,\"height\":120,\"caption\":\"Emmanuel Conti\"},\"image\":{\"@id\":\"https:\/\/emmanuelconti.com\/#\/schema\/logo\/image\/\"}}]}<\/script>\n<!-- \/ Yoast SEO plugin. -->","yoast_head_json":{"title":"Mentions l\u00e9gales - Emmanuel Conti","robots":{"index":"index","follow":"follow","max-snippet":"max-snippet:-1","max-image-preview":"max-image-preview:large","max-video-preview":"max-video-preview:-1"},"canonical":"https:\/\/emmanuelconti.com\/en\/mentions-legales\/","og_locale":"en_GB","og_type":"article","og_title":"Mentions l\u00e9gales - Emmanuel Conti","og_description":"Conform\u00e9ment aux dispositions des articles 6-III et 19 de la Loi n\u00b0 2004-575 du 21 juin 2004 pour la Confiance dans l&rsquo;\u00e9conomie num\u00e9rique, dite L.C.E.N., nous portons \u00e0 la connaissance des utilisateurs et visiteurs du site emmanuelconti.com, les informations suivantes : Informations l\u00e9gales Le Responsable de la publication est : Emmanuel ContiContactez le responsable de [&hellip;]","og_url":"https:\/\/emmanuelconti.com\/en\/mentions-legales\/","og_site_name":"Emmanuel Conti","article_modified_time":"2023-12-11T17:07:39+00:00","twitter_card":"summary_large_image","twitter_misc":{"Estimated reading time":"5 minutes"},"schema":{"@context":"https:\/\/schema.org","@graph":[{"@type":"WebPage","@id":"https:\/\/emmanuelconti.com\/mentions-legales\/","url":"https:\/\/emmanuelconti.com\/mentions-legales\/","name":"Mentions l\u00e9gales - Emmanuel Conti","isPartOf":{"@id":"https:\/\/emmanuelconti.com\/#website"},"datePublished":"2023-11-12T14:17:13+00:00","dateModified":"2023-12-11T17:07:39+00:00","breadcrumb":{"@id":"https:\/\/emmanuelconti.com\/mentions-legales\/#breadcrumb"},"inLanguage":"en-GB","potentialAction":[{"@type":"ReadAction","target":["https:\/\/emmanuelconti.com\/mentions-legales\/"]}]},{"@type":"BreadcrumbList","@id":"https:\/\/emmanuelconti.com\/mentions-legales\/#breadcrumb","itemListElement":[{"@type":"ListItem","position":1,"name":"Accueil","item":"https:\/\/emmanuelconti.com\/"},{"@type":"ListItem","position":2,"name":"Mentions l\u00e9gales"}]},{"@type":"WebSite","@id":"https:\/\/emmanuelconti.com\/#website","url":"https:\/\/emmanuelconti.com\/","name":"Emmanuel Conti","description":"","publisher":{"@id":"https:\/\/emmanuelconti.com\/#organization"},"potentialAction":[{"@type":"SearchAction","target":{"@type":"EntryPoint","urlTemplate":"https:\/\/emmanuelconti.com\/?s={search_term_string}"},"query-input":"required name=search_term_string"}],"inLanguage":"en-GB"},{"@type":"Organization","@id":"https:\/\/emmanuelconti.com\/#organization","name":"Emmanuel Conti","url":"https:\/\/emmanuelconti.com\/","logo":{"@type":"ImageObject","inLanguage":"en-GB","@id":"https:\/\/emmanuelconti.com\/#\/schema\/logo\/image\/","url":"https:\/\/emmanuelconti.com\/wp-content\/uploads\/2023\/11\/logo-emmanuel-conti-1.png","contentUrl":"https:\/\/emmanuelconti.com\/wp-content\/uploads\/2023\/11\/logo-emmanuel-conti-1.png","width":200,"height":120,"caption":"Emmanuel Conti"},"image":{"@id":"https:\/\/emmanuelconti.com\/#\/schema\/logo\/image\/"}}]}},"_links":{"self":[{"href":"https:\/\/emmanuelconti.com\/en\/wp-json\/wp\/v2\/pages\/208"}],"collection":[{"href":"https:\/\/emmanuelconti.com\/en\/wp-json\/wp\/v2\/pages"}],"about":[{"href":"https:\/\/emmanuelconti.com\/en\/wp-json\/wp\/v2\/types\/page"}],"author":[{"embeddable":true,"href":"https:\/\/emmanuelconti.com\/en\/wp-json\/wp\/v2\/users\/2"}],"replies":[{"embeddable":true,"href":"https:\/\/emmanuelconti.com\/en\/wp-json\/wp\/v2\/comments?post=208"}],"version-history":[{"count":7,"href":"https:\/\/emmanuelconti.com\/en\/wp-json\/wp\/v2\/pages\/208\/revisions"}],"predecessor-version":[{"id":445,"href":"https:\/\/emmanuelconti.com\/en\/wp-json\/wp\/v2\/pages\/208\/revisions\/445"}],"wp:attachment":[{"href":"https:\/\/emmanuelconti.com\/en\/wp-json\/wp\/v2\/media?parent=208"}],"curies":[{"name":"wp","href":"https:\/\/api.w.org\/{rel}","templated":true}]}}